{"id":1393,"date":"2023-01-06T01:38:24","date_gmt":"2023-01-06T00:38:24","guid":{"rendered":"https:\/\/kazico.net\/?page_id=1393"},"modified":"2024-02-13T11:19:24","modified_gmt":"2024-02-13T10:19:24","slug":"mentions-legales","status":"publish","type":"page","link":"https:\/\/kazico.net\/index.php\/mentions-legales\/","title":{"rendered":"Mentions l\u00e9gales"},"content":{"rendered":"<div data-colibri-id=\"1393-c1\" class=\"style-622 style-local-1393-c1 position-relative\">\n  <!---->\n  <div data-colibri-component=\"section\" data-colibri-id=\"1393-c2\" id=\"custom\" class=\"h-section h-section-global-spacing d-flex align-items-lg-center align-items-md-center align-items-center style-623 style-local-1393-c2 position-relative\">\n    <!---->\n    <!---->\n    <div class=\"h-section-grid-container h-section-boxed-container\">\n      <!---->\n      <div data-colibri-id=\"1393-c3\" class=\"h-row-container gutters-row-lg-2 gutters-row-md-2 gutters-row-0 gutters-row-v-lg-2 gutters-row-v-md-2 gutters-row-v-2 style-624 style-local-1393-c3 position-relative\">\n        <!---->\n        <div class=\"h-row justify-content-lg-center justify-content-md-center justify-content-center align-items-lg-stretch align-items-md-stretch align-items-stretch gutters-col-lg-2 gutters-col-md-2 gutters-col-0 gutters-col-v-lg-2 gutters-col-v-md-2 gutters-col-v-2\">\n          <!---->\n          <div class=\"h-column h-column-container d-flex h-col-lg-auto h-col-md-auto h-col-auto style-625-outer style-local-1393-c4-outer\">\n            <div data-colibri-id=\"1393-c4\" class=\"d-flex h-flex-basis h-column__inner h-ui-empty-state-container h-px-lg-2 h-px-md-2 h-px-2 v-inner-lg-2 v-inner-md-2 v-inner-2 style-625 style-local-1393-c4 position-relative\">\n              <!---->\n              <!---->\n              <div class=\"w-100 h-y-container h-column__content h-column__v-align flex-basis-100\">\n                <!---->\n              <\/div>\n            <\/div>\n          <\/div>\n        <\/div>\n      <\/div>\n    <\/div>\n  <\/div>\n  <div data-colibri-component=\"section\" data-colibri-id=\"1393-c5\" id=\"custom-2\" class=\"h-section h-section-global-spacing d-flex align-items-lg-center align-items-md-center align-items-center style-626 style-local-1393-c5 position-relative\">\n    <!---->\n    <!---->\n    <div class=\"h-section-grid-container h-section-boxed-container\">\n      <!---->\n      <div data-colibri-id=\"1393-c6\" class=\"h-row-container gutters-row-lg-2 gutters-row-md-2 gutters-row-0 gutters-row-v-lg-2 gutters-row-v-md-2 gutters-row-v-2 style-627 style-local-1393-c6 position-relative\">\n        <!---->\n        <div class=\"h-row justify-content-lg-center justify-content-md-center justify-content-center align-items-lg-stretch align-items-md-stretch align-items-stretch gutters-col-lg-2 gutters-col-md-2 gutters-col-0 gutters-col-v-lg-2 gutters-col-v-md-2 gutters-col-v-2\">\n          <!---->\n          <div class=\"h-column h-column-container d-flex h-col-lg-auto h-col-md-auto h-col-auto style-628-outer style-local-1393-c7-outer\">\n            <div data-colibri-id=\"1393-c7\" class=\"d-flex h-flex-basis h-column__inner h-px-lg-2 h-px-md-2 h-px-2 v-inner-lg-2 v-inner-md-2 v-inner-2 style-628 style-local-1393-c7 position-relative\">\n              <!---->\n              <!---->\n              <div class=\"w-100 h-y-container h-column__content h-column__v-align flex-basis-100 align-self-lg-start align-self-md-start align-self-start\">\n                <!---->\n                <div data-colibri-id=\"1393-c8\" class=\"h-text h-text-component style-632 style-local-1393-c8 position-relative h-element\">\n                  <!---->\n                  <!---->\n                  <div class=\"\">\n                    <h1><span style=\"font-family: Alegreya SC; font-weight: 400; color: rgb(1, 1, 1);\">Mentions l\u00e9gales<\/span>\n                      <br>\n                    <\/h1>\n                  <\/div>\n                <\/div>\n                <div data-colibri-id=\"1393-c9\" class=\"h-text h-text-component style-631 style-local-1393-c9 position-relative h-element\">\n                  <!---->\n                  <!---->\n                  <div class=\"\">\n                    <p><strong>\u00c9diteur du site :<\/strong><\/p>\n                    <p><span style=\"color: rgb(0, 0, 0);\">Kazico &#8211; Association Loi 1901<\/span><\/p>\n                    <p><span style=\"color: rgb(0, 0, 0);\">Immatricul\u00e9e \u00e0 la Pr\u00e9fecture de Toulouse sous le num\u00e9ro 84366863300012<\/span><\/p>\n                    <p><span style=\"color: rgb(0, 0, 0);\">Si\u00e8ge social : 11 Rue de la Providence, 31500 Toulouse<\/span><\/p>\n                    <p><span style=\"color: rgb(0, 0, 0);\">T\u00e9l\u00e9phone : 06 95 92 71 75<\/span><\/p>\n                    <p><span style=\"color: rgb(0, 0, 0);\">Email : contact@kazico.net<\/span><\/p>\n                    <p><span style=\"color: rgb(0, 0, 0);\">Pr\u00e9sidente de l&rsquo;association : <\/span><span style=\"color: rgb(0, 0, 0);\">Katia KURET<\/span><\/p>\n                    <p><span style=\"color: rgb(0, 0, 0);\">Responsable de publication&nbsp;: Benjamin BOUTEILLE<\/span><\/p>\n                    <p>\n                      <br>\n                    <\/p>\n                    <p><strong>H\u00e9bergement du site :<\/strong><\/p>\n                    <p><span style=\"color: rgb(0, 0, 0);\">Le site est h\u00e9berg\u00e9 par OVH<\/span><\/p>\n                    <p><span style=\"color: rgb(0, 0, 0);\">RCS Lille M\u00e9tropole 424 761 419 00045<\/span><\/p>\n                    <p><span style=\"color: rgb(0, 0, 0);\">Si\u00e8ge social : 2 rue Kellermann &#8211; 59100 Roubaix &#8211; France<\/span><\/p>\n                    <p>\n                      <br>\n                    <\/p>\n                    <p><strong>Propri\u00e9t\u00e9 intellectuelle :<\/strong><\/p>\n                    <p><span style=\"color: rgb(0, 0, 0);\">Tous les \u00e9l\u00e9ments constituant le site, notamment les textes, images, graphismes, logos, ic\u00f4nes, ainsi que leur mise en forme sont la propri\u00e9t\u00e9 exclusive de l&rsquo;association Kazico \u00e0 l&rsquo;exception des marques, logos ou contenus appartenant \u00e0 d&rsquo;autres entreprises partenaires ou auteurs.<\/span><\/p>\n                    <p><span style=\"color: rgb(0, 0, 0);\">Toute reproduction, distribution, modification, adaptation, retransmission ou publication, m\u00eame partielle, de ces \u00e9l\u00e9ments est strictement interdite sans l&rsquo;autorisation \u00e9crite pr\u00e9alable de l&rsquo;association Kazico.<\/span><\/p>\n                    <p>\n                      <br>\n                    <\/p>\n                    <p><strong>Donn\u00e9es personnelles :<\/strong><\/p>\n                    <p><span style=\"color: rgb(0, 0, 0);\">Conform\u00e9ment \u00e0 la loi \u00ab\u00a0Informatique et Libert\u00e9s\u00a0\u00bb du 6 janvier 1978 modifi\u00e9e et au R\u00e8glement G\u00e9n\u00e9ral sur la Protection des Donn\u00e9es (RGPD), vous disposez d&rsquo;un droit d&rsquo;acc\u00e8s, de rectification, de suppression des donn\u00e9es vous concernant. Pour exercer ce droit, veuillez nous contacter \u00e0 l&rsquo;adresse contact@kazico.net ou par courrier \u00e0 l&rsquo;adresse mentionn\u00e9e ci-dessus.<\/span><\/p>\n                    <p><span style=\"color: rgb(0, 0, 0);\">Les donn\u00e9es personnelles collect\u00e9es sur ce site sont uniquement destin\u00e9es \u00e0 un usage interne de l&rsquo;association Kazico. En aucun cas, ces donn\u00e9es ne seront c\u00e9d\u00e9es ou vendues \u00e0 des tiers.<\/span><\/p>\n                    <p>\n                      <br>\n                    <\/p>\n                    <p><strong>Cookies :<\/strong><\/p>\n                    <p><span style=\"color: rgb(0, 0, 0);\">Le site utilise des cookies. Un cookie est un petit fichier texte envoy\u00e9 \u00e0 votre navigateur via le site Web consult\u00e9. Il stocke des informations relatives \u00e0 la navigation sur ce site.<\/span><\/p>\n                    <p><span style=\"color: rgb(0, 0, 0);\">Vous pouvez configurer votre navigateur pour bloquer les cookies. Notez cependant que certaines parties du site risquent de ne pas fonctionner correctement si les cookies sont d\u00e9sactiv\u00e9s.<\/span><\/p>\n                    <p>\n                      <br>\n                    <\/p>\n                    <p><strong>Limitation de responsabilit\u00e9 :<\/strong><\/p>\n                    <p><span style=\"color: rgb(0, 0, 0);\">L&rsquo;association Kazico s&rsquo;efforce de fournir des informations aussi pr\u00e9cises que possible sur son site. Toutefois, elle ne saurait \u00eatre tenue pour responsable des omissions, des inexactitudes et des carences dans la mise \u00e0 jour, qu&rsquo;elles soient de son fait ou du fait des tiers partenaires qui lui fournissent ces informations.<\/span><\/p>\n                    <p>\n                      <br>\n                    <\/p>\n                    <p><strong>Droit applicable :<\/strong><\/p>\n                    <p><span style=\"color: rgb(0, 0, 0);\">Le site est soumis au droit fran\u00e7ais. Tous les aspects de l&rsquo;utilisation du site, y compris la consultation, l&rsquo;interaction, les transactions \u00e9ventuelles, ainsi que les litiges \u00e9ventuels, sont r\u00e9gies par les lois en vigueur en France.<\/span><\/p>\n                    <p><span style=\"color: rgb(0, 0, 0);\">Cette disposition garantit que toutes les activit\u00e9s men\u00e9es sur le site et toutes les questions juridiques qui pourraient en d\u00e9couler seront interpr\u00e9t\u00e9es et trait\u00e9es conform\u00e9ment aux lois fran\u00e7aises.<\/span><\/p>\n                    <p><span style=\"color: rgb(0, 0, 0);\">En tant qu&rsquo;association loi 1901, Kazico est tenue de respecter la l\u00e9gislation fran\u00e7aise applicable aux associations \u00e0 but non lucratif.<br><\/span><\/p>\n                  <\/div>\n                <\/div>\n              <\/div>\n            <\/div>\n          <\/div>\n        <\/div>\n      <\/div>\n    <\/div>\n  <\/div>\n<\/div>","protected":false},"excerpt":{"rendered":"<p>Mentions l\u00e9gales \u00c9diteur du site : Kazico &#8211; Association Loi 1901 Immatricul\u00e9e \u00e0 la Pr\u00e9fecture de Toulouse sous le num\u00e9ro 84366863300012 Si\u00e8ge social : 11 Rue de la Providence, 31500 Toulouse T\u00e9l\u00e9phone : 06 95 92 71 75 Email : contact@kazico.net Pr\u00e9sidente de l&rsquo;association : Katia KURET Responsable de publication&nbsp;: Benjamin BOUTEILLE H\u00e9bergement du site [&hellip;]<\/p>\n","protected":false},"author":1,"featured_media":0,"parent":0,"menu_order":0,"comment_status":"closed","ping_status":"closed","template":"page-templates\/full-width-page.php","meta":{"footnotes":""},"class_list":["post-1393","page","type-page","status-publish","hentry"],"jetpack-related-posts":[],"jetpack_sharing_enabled":true,"_links":{"self":[{"href":"https:\/\/kazico.net\/index.php\/wp-json\/wp\/v2\/pages\/1393","targetHints":{"allow":["GET"]}}],"collection":[{"href":"https:\/\/kazico.net\/index.php\/wp-json\/wp\/v2\/pages"}],"about":[{"href":"https:\/\/kazico.net\/index.php\/wp-json\/wp\/v2\/types\/page"}],"author":[{"embeddable":true,"href":"https:\/\/kazico.net\/index.php\/wp-json\/wp\/v2\/users\/1"}],"replies":[{"embeddable":true,"href":"https:\/\/kazico.net\/index.php\/wp-json\/wp\/v2\/comments?post=1393"}],"version-history":[{"count":8,"href":"https:\/\/kazico.net\/index.php\/wp-json\/wp\/v2\/pages\/1393\/revisions"}],"predecessor-version":[{"id":3481,"href":"https:\/\/kazico.net\/index.php\/wp-json\/wp\/v2\/pages\/1393\/revisions\/3481"}],"wp:attachment":[{"href":"https:\/\/kazico.net\/index.php\/wp-json\/wp\/v2\/media?parent=1393"}],"curies":[{"name":"wp","href":"https:\/\/api.w.org\/{rel}","templated":true}]}}