{"id":29,"date":"2023-01-04T21:30:40","date_gmt":"2023-01-04T20:30:40","guid":{"rendered":"https:\/\/kazico.net\/index.php\/home\/"},"modified":"2024-06-24T16:13:26","modified_gmt":"2024-06-24T14:13:26","slug":"home","status":"publish","type":"page","link":"https:\/\/kazico.net\/","title":{"rendered":"Accueil"},"content":{"rendered":"<div data-colibri-id=\"29-c1\" class=\"style-191 style-local-29-c1 position-relative\">\n  <!---->\n  <div data-colibri-component=\"section\" data-colibri-id=\"29-c2\" id=\"custom\" class=\"h-section h-section-global-spacing d-flex align-items-lg-center align-items-md-center align-items-center style-971 style-local-29-c2 position-relative\">\n    <!---->\n    <!---->\n    <div class=\"h-section-grid-container h-section-boxed-container\">\n      <!---->\n      <div data-colibri-id=\"29-c3\" class=\"h-row-container gutters-row-lg-2 gutters-row-md-2 gutters-row-0 gutters-row-v-lg-2 gutters-row-v-md-2 gutters-row-v-2 style-975 style-local-29-c3 position-relative\">\n        <!---->\n        <div class=\"h-row justify-content-lg-center justify-content-md-center justify-content-center align-items-lg-stretch align-items-md-stretch align-items-stretch gutters-col-lg-2 gutters-col-md-2 gutters-col-0 gutters-col-v-lg-2 gutters-col-v-md-2 gutters-col-v-2\">\n          <!---->\n          <div class=\"h-column h-column-container d-flex h-col-lg-auto h-col-md-auto h-col-auto style-976-outer style-local-29-c4-outer\">\n            <div data-colibri-id=\"29-c4\" class=\"d-flex h-flex-basis h-column__inner h-px-lg-2 h-px-md-2 h-px-2 v-inner-lg-2 v-inner-md-2 v-inner-2 style-976 style-local-29-c4 position-relative\">\n              <!---->\n              <!---->\n              <div class=\"w-100 h-y-container h-column__content h-column__v-align flex-basis-100 align-self-lg-start align-self-md-start align-self-start\">\n                <!---->\n                <div data-colibri-id=\"29-c5\" class=\"h-text h-text-component style-974 style-local-29-c5 position-relative h-element\">\n                  <!---->\n                  <!---->\n                  <div class=\"\">\n                    <p>QUI SOMMES-NOUS ?<\/p>\n                    <p>\n                      <br>\n                    <\/p>\n                    <p>Le Quasi-Collectif (KAZICO) est un&nbsp;<span style=\"color: rgb(102, 102, 102); font-family: &quot;Open Sans&quot;; font-size: 16px; font-weight: 400;\">collectif toulousain producteur de spectacles vivants. Il&nbsp;<\/span>regroupe\n                      des&nbsp;<strong>compagnies \u00e9mergentes<\/strong>&nbsp;d\u00e9sireuses de rencontres et de partages.<\/p>\n                    <p>\n                      <br>\n                    <\/p>\n                    <p>Au c\u0153ur de ce projet collectif se trouve un souci de&nbsp;<strong>solidarit\u00e9&nbsp;<\/strong>et de&nbsp;<strong>mutualisation<\/strong>. Nous d\u00e9fendons une&nbsp;<strong>pluridisciplinarit\u00e9&nbsp;<\/strong>au sein de nos pratiques et une\n                      grande libert\u00e9 artistique, une diversit\u00e9 des outils et des registres. Nous nous regroupons autour de strat\u00e9gies communes de&nbsp;<strong>production&nbsp;<\/strong>et de&nbsp;<strong>diffusion<\/strong>, d\u2019un langage commun et de valeurs\n                      partag\u00e9es.<\/p>\n                    <p>\n                      <br>\n                    <\/p>\n                    <p>Dans ce m\u00eame \u00e9lan d\u2019\u00e9bullition et de mutualisation artistique et afin de pallier aux difficult\u00e9s rencontr\u00e9es suite \u00e0 la crise sanitaire, les FOlies CUrieuseS &#8211; \u00e9v\u00e8nement d\u2019auto-diffusion &#8211; ont \u00e9t\u00e9 cr\u00e9\u00e9s en 2023 afin de porter et visibiliser\n                      notre travail aupr\u00e8s des publics, des programmateur.trices et autres professionnel.les du spectacle.<\/p>\n                    <p>\n                      <br>\n                    <\/p>\n                  <\/div>\n                <\/div>\n              <\/div>\n            <\/div>\n          <\/div>\n        <\/div>\n      <\/div>\n      <div data-colibri-id=\"29-c6\" class=\"h-row-container gutters-row-lg-2 gutters-row-md-2 gutters-row-0 gutters-row-v-lg-2 gutters-row-v-md-2 gutters-row-v-2 style-972 style-local-29-c6 position-relative\">\n        <!---->\n        <div class=\"h-row justify-content-lg-center justify-content-md-center justify-content-center align-items-lg-stretch align-items-md-stretch align-items-stretch gutters-col-lg-2 gutters-col-md-2 gutters-col-0 gutters-col-v-lg-2 gutters-col-v-md-2 gutters-col-v-2\">\n          <!---->\n          <div class=\"h-column h-column-container d-flex h-col-lg-auto h-col-md-auto h-col-auto style-973-outer style-local-29-c7-outer\">\n            <div data-colibri-id=\"29-c7\" class=\"d-flex h-flex-basis h-column__inner h-ui-empty-state-container h-px-lg-2 h-px-md-2 h-px-2 v-inner-lg-2 v-inner-md-2 v-inner-2 style-973 style-local-29-c7 position-relative\">\n              <!---->\n              <!---->\n              <div class=\"w-100 h-y-container h-column__content h-column__v-align flex-basis-100\">\n                <!---->\n              <\/div>\n            <\/div>\n          <\/div>\n        <\/div>\n      <\/div>\n    <\/div>\n  <\/div>\n<\/div>","protected":false},"excerpt":{"rendered":"<p>QUI SOMMES-NOUS ? Le Quasi-Collectif (KAZICO) est un&nbsp;collectif toulousain producteur de spectacles vivants. Il&nbsp;regroupe des&nbsp;compagnies \u00e9mergentes&nbsp;d\u00e9sireuses de rencontres et de partages. Au c\u0153ur de ce projet collectif se trouve un souci de&nbsp;solidarit\u00e9&nbsp;et de&nbsp;mutualisation. Nous d\u00e9fendons une&nbsp;pluridisciplinarit\u00e9&nbsp;au sein de nos pratiques et une grande libert\u00e9 artistique, une diversit\u00e9 des outils et des registres. Nous nous regroupons [&hellip;]<\/p>\n","protected":false},"author":1,"featured_media":0,"parent":0,"menu_order":0,"comment_status":"closed","ping_status":"closed","template":"page-templates\/full-width-page.php","meta":{"footnotes":""},"class_list":["post-29","page","type-page","status-publish","hentry"],"jetpack-related-posts":[],"jetpack_sharing_enabled":true,"_links":{"self":[{"href":"https:\/\/kazico.net\/index.php\/wp-json\/wp\/v2\/pages\/29","targetHints":{"allow":["GET"]}}],"collection":[{"href":"https:\/\/kazico.net\/index.php\/wp-json\/wp\/v2\/pages"}],"about":[{"href":"https:\/\/kazico.net\/index.php\/wp-json\/wp\/v2\/types\/page"}],"author":[{"embeddable":true,"href":"https:\/\/kazico.net\/index.php\/wp-json\/wp\/v2\/users\/1"}],"replies":[{"embeddable":true,"href":"https:\/\/kazico.net\/index.php\/wp-json\/wp\/v2\/comments?post=29"}],"version-history":[{"count":20,"href":"https:\/\/kazico.net\/index.php\/wp-json\/wp\/v2\/pages\/29\/revisions"}],"predecessor-version":[{"id":3588,"href":"https:\/\/kazico.net\/index.php\/wp-json\/wp\/v2\/pages\/29\/revisions\/3588"}],"wp:attachment":[{"href":"https:\/\/kazico.net\/index.php\/wp-json\/wp\/v2\/media?parent=29"}],"curies":[{"name":"wp","href":"https:\/\/api.w.org\/{rel}","templated":true}]}}