{"id":814,"date":"2023-01-05T23:30:03","date_gmt":"2023-01-05T22:30:03","guid":{"rendered":"https:\/\/kazico.net\/?page_id=814"},"modified":"2023-05-13T22:52:13","modified_gmt":"2023-05-13T20:52:13","slug":"monde-truelle","status":"publish","type":"page","link":"https:\/\/kazico.net\/index.php\/monde-truelle\/","title":{"rendered":"Monde truelle"},"content":{"rendered":"<div data-colibri-id=\"814-c1\" class=\"style-526 style-local-814-c1 position-relative\">\n  <!---->\n  <div data-colibri-component=\"section\" data-colibri-id=\"814-c2\" id=\"custom\" class=\"h-section h-section-global-spacing d-flex align-items-lg-center align-items-md-center align-items-center style-527 style-local-814-c2 position-relative\">\n    <!---->\n    <!---->\n    <div class=\"h-section-grid-container h-section-boxed-container\">\n      <!---->\n      <div data-colibri-id=\"814-c3\" class=\"h-row-container gutters-row-lg-2 gutters-row-md-2 gutters-row-0 gutters-row-v-lg-2 gutters-row-v-md-2 gutters-row-v-2 style-528 style-local-814-c3 position-relative\">\n        <!---->\n        <div class=\"h-row justify-content-lg-center justify-content-md-center justify-content-center align-items-lg-stretch align-items-md-stretch align-items-stretch gutters-col-lg-2 gutters-col-md-2 gutters-col-0 gutters-col-v-lg-2 gutters-col-v-md-2 gutters-col-v-2\">\n          <!---->\n          <div class=\"h-column h-column-container d-flex h-col-lg-auto h-col-md-auto h-col-auto style-529-outer style-local-814-c4-outer\">\n            <div data-colibri-id=\"814-c4\" class=\"d-flex h-flex-basis h-column__inner h-ui-empty-state-container h-px-lg-2 h-px-md-2 h-px-2 v-inner-lg-2 v-inner-md-2 v-inner-2 style-529 style-local-814-c4 position-relative\">\n              <!---->\n              <!---->\n              <div class=\"w-100 h-y-container h-column__content h-column__v-align flex-basis-100\">\n                <!---->\n              <\/div>\n            <\/div>\n          <\/div>\n        <\/div>\n      <\/div>\n    <\/div>\n  <\/div>\n  <div data-colibri-component=\"section\" data-colibri-id=\"814-c5\" id=\"about\" class=\"h-section h-section-global-spacing d-flex align-items-lg-center align-items-md-center align-items-center style-530 style-local-814-c5 position-relative\">\n    <!---->\n    <!---->\n    <div class=\"h-section-grid-container h-section-boxed-container\">\n      <!---->\n      <div data-colibri-id=\"814-c6\" class=\"h-row-container gutters-row-lg-0 gutters-row-md-0 gutters-row-0 gutters-row-v-lg-0 gutters-row-v-md-0 gutters-row-v-0 style-531 style-local-814-c6 position-relative\">\n        <!---->\n        <div class=\"h-row justify-content-lg-center justify-content-md-center justify-content-center align-items-lg-stretch align-items-md-stretch align-items-stretch gutters-col-lg-0 gutters-col-md-0 gutters-col-0 gutters-col-v-lg-0 gutters-col-v-md-0 gutters-col-v-0\">\n          <!---->\n          <div class=\"h-column h-column-container d-flex h-col-lg-auto h-col-md-auto h-col-auto style-532-outer style-local-814-c7-outer\">\n            <div data-colibri-id=\"814-c7\" class=\"d-flex h-flex-basis h-column__inner h-px-lg-0 h-px-md-0 h-px-0 v-inner-lg-0 v-inner-md-0 v-inner-0 style-532 style-local-814-c7 position-relative\">\n              <!---->\n              <!---->\n              <div class=\"w-100 h-y-container h-column__content h-column__v-align flex-basis-100 align-self-lg-start align-self-md-start align-self-start\">\n                <!---->\n                <div data-colibri-id=\"814-c8\" class=\"h-global-transition-all h-heading style-534 style-local-814-c8 position-relative h-element\">\n                  <!---->\n                  <div class=\"h-heading__outer style-534 style-local-814-c8\">\n                    <!---->\n                    <!---->\n                    <h2 class=\"\"><span style=\"color: rgb(0, 0, 0); font-family: Alegreya SC;\">Monde Truelle<\/span><\/h2>\n                  <\/div>\n                <\/div>\n                <div data-colibri-id=\"814-c9\" class=\"h-text h-text-component style-535 style-local-814-c9 position-relative h-element\">\n                  <!---->\n                  <!---->\n                  <div class=\"\">\n                    <p>N\u00e9e d\u2019un monde et d\u2019une truelle, la compagnie construit et d\u00e9construit son chantier d&rsquo;expression depuis 2020. Elle joue avec les m\u00e9langes d\u2019outils et de disciplines comme le th\u00e9\u00e2tre contemporain, le clown, la danse et le th\u00e9\u00e2tre visuel.\n                      L\u2019absurde, le sensible, la b\u00eatise et la po\u00e9sie y jouent le r\u00f4le de ciment et fa\u00e7onnent une esth\u00e9tique singuli\u00e8re pour chaque cr\u00e9ation. Monde truelle aime les r\u00e9f\u00e9rences cin\u00e9matographiques et les essais naturalistes et philosophiques,\n                      pour s&rsquo;inspirer, lier, et m\u00e9langer les mat\u00e9riaux.<\/p>\n                    <p>\n                      <br>\n                    <\/p>\n                    <p>\n                      <u>Cr\u00e9ations<\/u>:&nbsp;<\/p>\n                    <ul>\n                      <li><strong>MOKETTE<\/strong> Solo de clowne verbalistique \u2013 30 min &#8211; Jeu et mise en sc\u00e8ne Marion M\u00e9ric<\/li>\n                      <li><strong>EAUX TARIES<\/strong> \u2013 Tableaux de pleureuses en p\u00e9riode de s\u00e9cheresse : B\u00eatise po\u00e9tique \u00e0 quatre, autour de l\u2019EAU et du sec. 50 min &#8211; Avec Scarlett Audry, J\u00e9r\u00f4me de la Bernardie, Loan Le Dinh et Marion M\u00e9ric<\/li>\n                      <li><strong>GIVRE<\/strong> \u2013 La proph\u00e9tie du frigidaire : Solo de th\u00e9\u00e2tre et clown sur une possible fin de l\u2019humanit\u00e9 plus ou moins inqui\u00e9tante\u2026Avec Marion M\u00e9ric et le frigo &#8211; Chantier en cours pr\u00e9vue, pour 2024<\/li>\n                    <\/ul>\n                    <p>\n                      <br>\n                    <\/p>\n                  <\/div>\n                <\/div>\n                <div data-colibri-id=\"814-c10\" class=\"h-global-transition-all h-heading style-533 style-local-814-c10 position-relative h-element\">\n                  <!---->\n                  <div class=\"h-heading__outer style-533 style-local-814-c10\">\n                    <!---->\n                    <!---->\n                    <h5 class=\"\"><em>cie.monde.truelle@laposte.net<\/em><\/h5>\n                  <\/div>\n                <\/div>\n              <\/div>\n            <\/div>\n          <\/div>\n          <div class=\"h-column h-column-container d-flex h-col-lg-auto h-col-md-auto h-col-auto style-536-outer style-local-814-c11-outer\">\n            <div data-colibri-id=\"814-c11\" class=\"d-flex h-flex-basis h-column__inner h-ui-empty-state-container h-px-lg-2 h-px-md-2 h-px-2 v-inner-lg-2 v-inner-md-2 v-inner-2 style-536 style-local-814-c11 position-relative\">\n              <div class=\"background-wrapper\">\n                <div class=\"background-layer background-layer-media-container-lg\">\n                  <div data-enabled=\"true\" data-colibri-component=\"parallax\" class=\"background-layer paraxify\" model-id=\"814-c11\" media=\"desktop\" is-preview=\"true\" style=\"background-image: url(&quot;https:\/\/kazico.net\/wp-content\/uploads\/2023\/05\/cropped-monde-truelle.jpg&quot;);\"><\/div>\n                <\/div>\n                <div class=\"background-layer background-layer-media-container-md\">\n                  <div data-enabled=\"true\" data-colibri-component=\"parallax\" class=\"background-layer paraxify\" model-id=\"814-c11\" media=\"tablet\" is-preview=\"true\" style=\"background-image: url(&quot;https:\/\/kazico.net\/wp-content\/uploads\/2023\/05\/cropped-monde-truelle.jpg&quot;);\"><\/div>\n                <\/div>\n                <div class=\"background-layer background-layer-media-container\">\n                  <div data-enabled=\"true\" data-colibri-component=\"parallax\" class=\"background-layer paraxify\" model-id=\"814-c11\" media=\"mobile\" is-preview=\"true\" style=\"background-image: url(&quot;https:\/\/kazico.net\/wp-content\/uploads\/2023\/05\/cropped-monde-truelle.jpg&quot;);\"><\/div>\n                <\/div>\n              <\/div>\n              <!---->\n              <div class=\"w-100 h-y-container h-column__content h-column__v-align flex-basis-100\">\n                <!---->\n              <\/div>\n            <\/div>\n          <\/div>\n        <\/div>\n      <\/div>\n    <\/div>\n  <\/div>\n<\/div>","protected":false},"excerpt":{"rendered":"<p>Monde Truelle N\u00e9e d\u2019un monde et d\u2019une truelle, la compagnie construit et d\u00e9construit son chantier d&rsquo;expression depuis 2020. Elle joue avec les m\u00e9langes d\u2019outils et de disciplines comme le th\u00e9\u00e2tre contemporain, le clown, la danse et le th\u00e9\u00e2tre visuel. L\u2019absurde, le sensible, la b\u00eatise et la po\u00e9sie y jouent le r\u00f4le de ciment et fa\u00e7onnent [&hellip;]<\/p>\n","protected":false},"author":1,"featured_media":0,"parent":0,"menu_order":0,"comment_status":"closed","ping_status":"closed","template":"page-templates\/full-width-page.php","meta":{"footnotes":""},"class_list":["post-814","page","type-page","status-publish","hentry"],"jetpack-related-posts":[],"jetpack_sharing_enabled":true,"_links":{"self":[{"href":"https:\/\/kazico.net\/index.php\/wp-json\/wp\/v2\/pages\/814","targetHints":{"allow":["GET"]}}],"collection":[{"href":"https:\/\/kazico.net\/index.php\/wp-json\/wp\/v2\/pages"}],"about":[{"href":"https:\/\/kazico.net\/index.php\/wp-json\/wp\/v2\/types\/page"}],"author":[{"embeddable":true,"href":"https:\/\/kazico.net\/index.php\/wp-json\/wp\/v2\/users\/1"}],"replies":[{"embeddable":true,"href":"https:\/\/kazico.net\/index.php\/wp-json\/wp\/v2\/comments?post=814"}],"version-history":[{"count":6,"href":"https:\/\/kazico.net\/index.php\/wp-json\/wp\/v2\/pages\/814\/revisions"}],"predecessor-version":[{"id":3463,"href":"https:\/\/kazico.net\/index.php\/wp-json\/wp\/v2\/pages\/814\/revisions\/3463"}],"wp:attachment":[{"href":"https:\/\/kazico.net\/index.php\/wp-json\/wp\/v2\/media?parent=814"}],"curies":[{"name":"wp","href":"https:\/\/api.w.org\/{rel}","templated":true}]}}