{"id":894,"date":"2023-01-06T00:04:08","date_gmt":"2023-01-05T23:04:08","guid":{"rendered":"https:\/\/kazico.net\/?page_id=894"},"modified":"2024-11-28T16:50:50","modified_gmt":"2024-11-28T15:50:50","slug":"silence-vacarme","status":"publish","type":"page","link":"https:\/\/kazico.net\/index.php\/silence-vacarme\/","title":{"rendered":"Silence Vacarme"},"content":{"rendered":"<div data-colibri-id=\"894-c1\" class=\"style-562 style-local-894-c1 position-relative\">\n  <!---->\n  <div data-colibri-component=\"section\" data-colibri-id=\"894-c2\" id=\"custom\" class=\"h-section h-section-global-spacing d-flex align-items-lg-center align-items-md-center align-items-center style-563 style-local-894-c2 position-relative\">\n    <!---->\n    <!---->\n    <div class=\"h-section-grid-container h-section-boxed-container\">\n      <!---->\n      <div data-colibri-id=\"894-c3\" class=\"h-row-container gutters-row-lg-2 gutters-row-md-2 gutters-row-0 gutters-row-v-lg-2 gutters-row-v-md-2 gutters-row-v-2 style-564 style-local-894-c3 position-relative\">\n        <!---->\n        <div class=\"h-row justify-content-lg-center justify-content-md-center justify-content-center align-items-lg-stretch align-items-md-stretch align-items-stretch gutters-col-lg-2 gutters-col-md-2 gutters-col-0 gutters-col-v-lg-2 gutters-col-v-md-2 gutters-col-v-2\">\n          <!---->\n          <div class=\"h-column h-column-container d-flex h-col-lg-auto h-col-md-auto h-col-auto style-565-outer style-local-894-c4-outer\">\n            <div data-colibri-id=\"894-c4\" class=\"d-flex h-flex-basis h-column__inner h-ui-empty-state-container h-px-lg-2 h-px-md-2 h-px-2 v-inner-lg-2 v-inner-md-2 v-inner-2 style-565 style-local-894-c4 position-relative\">\n              <!---->\n              <!---->\n              <div class=\"w-100 h-y-container h-column__content h-column__v-align flex-basis-100\">\n                <!---->\n              <\/div>\n            <\/div>\n          <\/div>\n        <\/div>\n      <\/div>\n    <\/div>\n  <\/div>\n  <div data-colibri-component=\"section\" data-colibri-id=\"894-c11\" id=\"custom-2\" class=\"h-section h-section-global-spacing d-flex align-items-lg-center align-items-md-center align-items-center style-978 style-local-894-c11 position-relative\">\n    <!---->\n    <!---->\n    <div class=\"h-section-grid-container h-section-boxed-container\">\n      <!---->\n      <div data-colibri-id=\"894-c12\" class=\"h-row-container gutters-row-lg-0 gutters-row-md-0 gutters-row-0 gutters-row-v-lg-0 gutters-row-v-md-0 gutters-row-v-0 style-979 style-local-894-c12 position-relative\">\n        <!---->\n        <div class=\"h-row justify-content-lg-center justify-content-md-center justify-content-center align-items-lg-stretch align-items-md-stretch align-items-stretch gutters-col-lg-0 gutters-col-md-0 gutters-col-0 gutters-col-v-lg-0 gutters-col-v-md-0 gutters-col-v-0\">\n          <!---->\n          <div class=\"h-column h-column-container d-flex h-col-lg-auto h-col-md-auto h-col-auto style-980-outer style-local-894-c13-outer\">\n            <div data-colibri-id=\"894-c13\" class=\"d-flex h-flex-basis h-column__inner h-px-lg-0 h-px-md-0 h-px-0 v-inner-lg-0 v-inner-md-0 v-inner-0 style-980 style-local-894-c13 position-relative\">\n              <!---->\n              <!---->\n              <div class=\"w-100 h-y-container h-column__content h-column__v-align flex-basis-100 align-self-lg-start align-self-md-start align-self-start\">\n                <!---->\n                <div data-colibri-id=\"894-c14\" class=\"h-text h-text-component style-981 style-local-894-c14 position-relative h-element\">\n                  <!---->\n                  <!---->\n                  <div class=\"\">\n                    <p>Compagnie Silence Vacarme<\/p>\n                  <\/div>\n                <\/div>\n              <\/div>\n            <\/div>\n          <\/div>\n        <\/div>\n      <\/div>\n      <div data-colibri-id=\"894-c31\" class=\"h-row-container gutters-row-lg-2 gutters-row-md-2 gutters-row-0 gutters-row-v-lg-2 gutters-row-v-md-2 gutters-row-v-2 style-1026 style-local-894-c31 position-relative\">\n        <!---->\n        <div class=\"h-row justify-content-lg-center justify-content-md-center justify-content-center align-items-lg-stretch align-items-md-stretch align-items-stretch gutters-col-lg-2 gutters-col-md-2 gutters-col-0 gutters-col-v-lg-2 gutters-col-v-md-2 gutters-col-v-2\">\n          <!---->\n          <div class=\"h-column h-column-container d-flex h-col-lg-auto h-col-md-auto h-col-auto style-1027-outer style-local-894-c32-outer\">\n            <div data-colibri-id=\"894-c32\" class=\"d-flex h-flex-basis h-column__inner h-px-lg-2 h-px-md-2 h-px-2 v-inner-lg-2 v-inner-md-2 v-inner-2 style-1027 style-local-894-c32 position-relative\">\n              <!---->\n              <!---->\n              <div class=\"w-100 h-y-container h-column__content h-column__v-align flex-basis-100 align-self-lg-start align-self-md-start align-self-start\">\n                <!---->\n                <div data-colibri-id=\"894-c34\" class=\"h-text h-text-component style-1029 style-local-894-c34 position-relative h-element\">\n                  <!---->\n                  <!---->\n                  <div class=\"\">\n                    <p><em>Ombres \/\/ Voyage en po\u00e9sie \/\/ Th\u00e9\u00e2tre<\/em><\/p>\n                    <p>\n                      <br>\n                    <\/p>\n                    <p>\n                      <br>\n                    <\/p>\n                    <p>Depuis 2021, la compagnie Silence Vacarme explore les liens et les articulations possibles entre diff\u00e9rents pans des arts vivants&nbsp;: <strong>th\u00e9\u00e2tre<\/strong>, <strong>th\u00e9\u00e2tre d\u2019ombres<\/strong>, <strong>cr\u00e9ation sonore <\/strong>et\n                      <strong>musique<\/strong>.<\/p>\n                    <p>\n                      <br>\n                    <\/p>\n                    <p>Deux spectacles sont actuellement en cours de diffusion au sein de la compagnie : <strong>\u00ab\u00a0Tu disais ?\u00a0\u00bb<\/strong>, pi\u00e8ce th\u00e9\u00e2trale et sonore, et <strong>\u00ab\u00a0La for\u00eat des Chuts\u00a0\u00bb<\/strong>, spectacle de th\u00e9\u00e2tre d\u2019ombres.<\/p>\n                    <p>\n                      <br>\n                    <\/p>\n                    <p>Cette compagnie porte \u00e9galement des <strong>ateliers de cr\u00e9ation et de recherche <\/strong>en lien avec ses cr\u00e9ations<\/p>\n                  <\/div>\n                <\/div>\n              <\/div>\n            <\/div>\n          <\/div>\n        <\/div>\n      <\/div>\n    <\/div>\n  <\/div>\n  <div data-colibri-component=\"section\" data-colibri-id=\"894-c20\" id=\"custom-3\" class=\"h-section h-section-global-spacing d-flex align-items-lg-center align-items-md-center align-items-center style-1015 style-local-894-c20 position-relative\">\n    <!---->\n    <!---->\n    <div class=\"h-section-grid-container h-section-boxed-container\">\n      <!---->\n      <div data-colibri-id=\"894-c40\" class=\"h-row-container gutters-row-lg-2 gutters-row-md-2 gutters-row-0 gutters-row-v-lg-2 gutters-row-v-md-2 gutters-row-v-2 style-1035 style-local-894-c40 position-relative\">\n        <!---->\n        <div class=\"h-row justify-content-lg-center justify-content-md-center justify-content-center align-items-lg-stretch align-items-md-stretch align-items-stretch gutters-col-lg-2 gutters-col-md-2 gutters-col-0 gutters-col-v-lg-2 gutters-col-v-md-2 gutters-col-v-2\">\n          <!---->\n          <div class=\"h-column h-column-container d-flex h-col-lg-auto h-col-md-auto h-col-auto style-1036-outer style-local-894-c41-outer\">\n            <div data-colibri-id=\"894-c41\" class=\"d-flex h-flex-basis h-column__inner h-px-lg-2 h-px-md-2 h-px-2 v-inner-lg-2 v-inner-md-2 v-inner-2 style-1036 style-local-894-c41 position-relative\">\n              <!---->\n              <!---->\n              <div class=\"w-100 h-y-container h-column__content h-column__v-align flex-basis-100 align-self-lg-start align-self-md-start align-self-start\">\n                <!---->\n                <div data-colibri-id=\"894-c43\" class=\"h-text h-text-component style-1038 style-local-894-c43 position-relative h-element\">\n                  <!---->\n                  <!---->\n                  <div class=\"\">\n                    <h2><span style=\"font-family: &quot;Architects Daughter&quot;; color: rgb(0, 0, 0);\">La for\u00eat des Chuts<\/span>\n                      <br>\n                      <br>\n                    <\/h2>\n                    <p>\n                      <br>\n                    <\/p>\n                  <\/div>\n                <\/div>\n              <\/div>\n            <\/div>\n          <\/div>\n        <\/div>\n      <\/div>\n      <div data-colibri-id=\"894-c21\" class=\"h-row-container gutters-row-lg-2 gutters-row-md-2 gutters-row-0 gutters-row-v-lg-2 gutters-row-v-md-2 gutters-row-v-2 style-1016 style-local-894-c21 position-relative\">\n        <!---->\n        <div class=\"h-row justify-content-lg-center justify-content-md-center justify-content-center align-items-lg-stretch align-items-md-stretch align-items-stretch gutters-col-lg-2 gutters-col-md-2 gutters-col-0 gutters-col-v-lg-2 gutters-col-v-md-2 gutters-col-v-2\">\n          <!---->\n          <div class=\"h-column h-column-container d-flex h-col-lg-auto h-col-md-auto h-col-auto style-1017-outer style-local-894-c22-outer\">\n            <div data-colibri-id=\"894-c22\" class=\"d-flex h-flex-basis h-column__inner h-px-lg-2 h-px-md-2 h-px-2 v-inner-lg-2 v-inner-md-2 v-inner-2 style-1017 style-local-894-c22 position-relative\">\n              <!---->\n              <!---->\n              <div class=\"w-100 h-y-container h-column__content h-column__v-align flex-basis-100 align-self-lg-start align-self-md-start align-self-start\">\n                <!---->\n                <div data-colibri-id=\"894-c39\" class=\"d-block style-1034 style-local-894-c39 position-relative h-element\">\n                  <!---->\n                  <div class=\"h-image__frame-container-outer\">\n                    <div class=\"h-image__frame-container\">\n                      <!---->\n                      <!---->\n                      <img loading=\"lazy\" decoding=\"async\" width=\"2560\" height=\"1707\" src=\"https:\/\/i0.wp.com\/kazico.net\/wp-content\/uploads\/2024\/11\/Credit-Alex-Chantron-5-scaled.jpg?fit=2560%2C1707&amp;ssl=1\" class=\"wp-image-3617 style-1034-image style-local-894-c39-image\" alt=\"\" srcset=\"https:\/\/i0.wp.com\/kazico.net\/wp-content\/uploads\/2024\/11\/Credit-Alex-Chantron-5-scaled.jpg?w=2560&amp;ssl=1 2560w, https:\/\/i0.wp.com\/kazico.net\/wp-content\/uploads\/2024\/11\/Credit-Alex-Chantron-5-scaled.jpg?resize=300%2C200&amp;ssl=1 300w, https:\/\/i0.wp.com\/kazico.net\/wp-content\/uploads\/2024\/11\/Credit-Alex-Chantron-5-scaled.jpg?resize=1024%2C683&amp;ssl=1 1024w, https:\/\/i0.wp.com\/kazico.net\/wp-content\/uploads\/2024\/11\/Credit-Alex-Chantron-5-scaled.jpg?resize=768%2C512&amp;ssl=1 768w, https:\/\/i0.wp.com\/kazico.net\/wp-content\/uploads\/2024\/11\/Credit-Alex-Chantron-5-scaled.jpg?resize=1536%2C1024&amp;ssl=1 1536w, https:\/\/i0.wp.com\/kazico.net\/wp-content\/uploads\/2024\/11\/Credit-Alex-Chantron-5-scaled.jpg?resize=2048%2C1365&amp;ssl=1 2048w\" sizes=\"auto, (max-width: 1000px) 100vw, 1000px\" \/>\n                      <div class=\"h-image__frame h-hide-lg h-hide-md h-hide-sm style-1034-frameImage style-local-894-c39-frameImage\"><\/div>\n                    <\/div>\n                  <\/div>\n                <\/div>\n              <\/div>\n            <\/div>\n          <\/div>\n          <div class=\"h-column h-column-container d-flex h-col-lg-auto h-col-md-auto h-col-auto style-1039-outer style-local-894-c44-outer\">\n            <div data-colibri-id=\"894-c44\" class=\"d-flex h-flex-basis h-column__inner h-px-lg-2 h-px-md-2 h-px-2 v-inner-lg-2 v-inner-md-2 v-inner-2 style-1039 style-local-894-c44 position-relative\">\n              <!---->\n              <!---->\n              <div class=\"w-100 h-y-container h-column__content h-column__v-align flex-basis-100 align-self-lg-start align-self-md-start align-self-start\">\n                <!---->\n                <div data-colibri-id=\"894-c45\" class=\"h-text h-text-component style-1040 style-local-894-c45 position-relative h-element\">\n                  <!---->\n                  <!---->\n                  <div class=\"\">\n                    <p>Dans le grenier de sa famille, notre personnage contemple l\u2019album photo de sa grand-m\u00e8re. Mais une \u00e9trange machine intervient dans l&rsquo;ombre. Avec sa grande pince, la machine pr\u00e9l\u00e8ve des souvenirs de l\u2019album !<\/p>\n                    <p>Commence alors un voyage initiatique entre les rouages de la fabrication de la Grande Histoire du Monde, au c\u0153ur de cette Machine qui pr\u00e9l\u00e8ve, dig\u00e8re, coupe et \u00e9crase. Mais d\u2019\u00e9tranges petits monstres r\u00e9cup\u00e8rent les souvenirs broy\u00e9s\n                      par la Machine et les mettent \u00e0 l\u2019abri dans la for\u00eat des Chuts. Ces souvenirs trop intimes, trop r\u00e9sistants, trop \u00e0 vifs. Tous les d\u00e9chets de la Machine de tri des souvenirs, inutiles \u00e0 la Grande Histoire &#8211; et beaucoup trop color\u00e9s\n                      !<\/p>\n                    <p>Qu\u2019adviendra-t-il de la rencontre avec ces souvenirs qui sont de trop&nbsp;?<\/p>\n                    <p>\n                      <br>\n                    <\/p>\n                    <p><em>La for\u00eat des Chuts<\/em> est une plong\u00e9e esth\u00e9tique dans un monde d&rsquo;ombre et de lumi\u00e8re qui joue sur les dimensions afin de parler \u00e0 toutes les g\u00e9n\u00e9rations &#8211; et notamment aux plus jeunes &#8211; de notre rapport \u00e0 la transmission interg\u00e9n\u00e9rationnelle\n                      et aux souvenirs.<\/p>\n                    <p>\n                      <br>\n                    <\/p>\n                    <p>Spectacle tout public, \u00e0 partir de 6 ans<\/p>\n                    <p>40 min<\/p>\n                  <\/div>\n                <\/div>\n              <\/div>\n            <\/div>\n          <\/div>\n        <\/div>\n      <\/div>\n      <div data-colibri-id=\"894-c46\" class=\"h-row-container gutters-row-lg-2 gutters-row-md-2 gutters-row-0 gutters-row-v-lg-2 gutters-row-v-md-2 gutters-row-v-2 style-1041 style-local-894-c46 position-relative\">\n        <!---->\n        <div class=\"h-row justify-content-lg-center justify-content-md-center justify-content-center align-items-lg-stretch align-items-md-stretch align-items-stretch gutters-col-lg-2 gutters-col-md-2 gutters-col-0 gutters-col-v-lg-2 gutters-col-v-md-2 gutters-col-v-2\">\n          <!---->\n          <div class=\"h-column h-column-container d-flex h-col-lg-auto h-col-md-auto h-col-auto style-1042-outer style-local-894-c47-outer\">\n            <div data-colibri-id=\"894-c47\" class=\"d-flex h-flex-basis h-column__inner h-px-lg-2 h-px-md-2 h-px-2 v-inner-lg-2 v-inner-md-2 v-inner-2 style-1042 style-local-894-c47 position-relative\">\n              <!---->\n              <!---->\n              <div class=\"w-100 h-y-container h-column__content h-column__v-align flex-basis-100 align-self-lg-start align-self-md-start align-self-start\">\n                <!---->\n                <div data-colibri-id=\"894-c48\" class=\"h-text h-text-component style-1043 style-local-894-c48 position-relative h-element\">\n                  <!---->\n                  <!---->\n                  <div class=\"\">\n                    <p><strong>EQUIPE<\/strong><\/p>\n                    <p>\u00c9criture, jeu et mise en sc\u00e8ne : Scarlett Audry et Ang\u00e8le Vouriot<\/p>\n                    <p>Aide \u00e0 la mise en sc\u00e8ne : Manon Crivellari et Isabelle Francoz<\/p>\n                    <p>Regard dramaturgique : Zo\u00e9 Hernandez<\/p>\n                    <p>Bruitage : Julie Cail<\/p>\n                    <p>Mixage et composition : Jean-Luc Reber<\/p>\n                    <p>Cr\u00e9ation lampes : Thomas Martin<\/p>\n                    <p>Construction structure : Hugues Jeandel<\/p>\n                    <p>Avec les voix de : Marjolaine Boitard, Guillaume Barraband<\/p>\n                    <p>\n                      <br>\n                    <\/p>\n                    <p>\n                      <br>\n                    <\/p>\n                    <p>Production : Quasi-Collectif (KAZICO)<\/p>\n                    <p>\n                      <br>\n                    <\/p>\n                    <p>Co-production : R\u00e9gion Occitanie, Ateliers M\u00e9dicis, Dispositif Itin\u00e9raire Marionnettique : Centre Odradek ; Marionnettissimo ; Conseil d\u00e9partemental de Haute-Garonne &#8211; Espace Roguet<\/p>\n                    <p>\n                      <br>\n                    <\/p>\n                    <p>Soutiens : L\u2019UsinoTOPIE, Th\u00e9\u00e2tre de Marionnettes Belfort, Centre culturel de Quartier La Brique Rouge &#8211; Mairie de Toulouse &#8211; dispositif Les Hivernales, L\u2019Escale &#8211; Mairie de Tournefeuille, MJC Ponts-Jumeaux<\/p>\n                    <p>\n                      <br>\n                    <\/p>\n                    <p>Partenaires pour les ateliers de cr\u00e9ation : Coll\u00e8ge Albert Camus (Villemur-sur-Tarn, 31), Coll\u00e8ge Anatole France (Toulouse, 31), Archives d\u00e9partementales de la Haute-Garonne, Foyer YMCA (Colomiers)<\/p>\n                  <\/div>\n                <\/div>\n              <\/div>\n            <\/div>\n          <\/div>\n        <\/div>\n      <\/div>\n      <div data-colibri-id=\"894-c49\" class=\"h-row-container gutters-row-lg-2 gutters-row-md-2 gutters-row-0 gutters-row-v-lg-2 gutters-row-v-md-2 gutters-row-v-2 style-1044 style-local-894-c49 position-relative\">\n        <!---->\n        <div class=\"h-row justify-content-lg-center justify-content-md-center justify-content-center align-items-lg-stretch align-items-md-stretch align-items-stretch gutters-col-lg-2 gutters-col-md-2 gutters-col-0 gutters-col-v-lg-2 gutters-col-v-md-2 gutters-col-v-2\">\n          <!---->\n          <div class=\"h-column h-column-container d-flex h-col-lg-auto h-col-md-auto h-col-auto style-1045-outer style-local-894-c50-outer\">\n            <div data-colibri-id=\"894-c50\" class=\"d-flex h-flex-basis h-column__inner h-px-lg-2 h-px-md-2 h-px-2 v-inner-lg-2 v-inner-md-2 v-inner-2 style-1045 style-local-894-c50 position-relative\">\n              <!---->\n              <!---->\n              <div class=\"w-100 h-y-container h-column__content h-column__v-align flex-basis-100 align-self-lg-start align-self-md-start align-self-start\">\n                <!---->\n                <div data-colibri-id=\"894-c51\" class=\"d-block style-1046 style-local-894-c51 position-relative h-element\">\n                  <!---->\n                  <div class=\"h-image__frame-container-outer\">\n                    <div class=\"h-image__frame-container\">\n                      <!---->\n                      <!---->\n                      <img data-recalc-dims=\"1\" loading=\"lazy\" decoding=\"async\" width=\"1326\" height=\"1292\" src=\"https:\/\/i0.wp.com\/kazico.net\/wp-content\/uploads\/2024\/10\/cropped-Credit-Alex-Chantron-4-scaled-3.jpg?resize=1326%2C1292&#038;ssl=1\" class=\"wp-image-3618 style-1046-image style-local-894-c51-image\" alt=\"\" srcset=\"https:\/\/i0.wp.com\/kazico.net\/wp-content\/uploads\/2024\/10\/cropped-Credit-Alex-Chantron-4-scaled-3.jpg?w=1326&amp;ssl=1 1326w, https:\/\/i0.wp.com\/kazico.net\/wp-content\/uploads\/2024\/10\/cropped-Credit-Alex-Chantron-4-scaled-3.jpg?resize=300%2C292&amp;ssl=1 300w, https:\/\/i0.wp.com\/kazico.net\/wp-content\/uploads\/2024\/10\/cropped-Credit-Alex-Chantron-4-scaled-3.jpg?resize=1024%2C998&amp;ssl=1 1024w, https:\/\/i0.wp.com\/kazico.net\/wp-content\/uploads\/2024\/10\/cropped-Credit-Alex-Chantron-4-scaled-3.jpg?resize=768%2C748&amp;ssl=1 768w\" sizes=\"auto, (max-width: 1000px) 100vw, 1000px\" \/>\n                      <div class=\"h-image__frame h-hide-lg h-hide-md h-hide-sm style-1046-frameImage style-local-894-c51-frameImage\"><\/div>\n                    <\/div>\n                  <\/div>\n                <\/div>\n              <\/div>\n            <\/div>\n          <\/div>\n          <div class=\"h-column h-column-container d-flex h-col-lg-auto h-col-md-auto h-col-auto style-1047-outer style-local-894-c52-outer\">\n            <div data-colibri-id=\"894-c52\" class=\"d-flex h-flex-basis h-column__inner h-px-lg-2 h-px-md-2 h-px-2 v-inner-lg-2 v-inner-md-2 v-inner-2 style-1047 style-local-894-c52 position-relative\">\n              <!---->\n              <!---->\n              <div class=\"w-100 h-y-container h-column__content h-column__v-align flex-basis-100 align-self-lg-start align-self-md-start align-self-start\">\n                <!---->\n                <div data-colibri-id=\"894-c55\" class=\"d-block style-1050 style-local-894-c55 position-relative h-element\">\n                  <!---->\n                  <div class=\"h-image__frame-container-outer\">\n                    <div class=\"h-image__frame-container\">\n                      <!---->\n                      <!---->\n                      <img data-recalc-dims=\"1\" loading=\"lazy\" decoding=\"async\" width=\"1437\" height=\"1435\" src=\"https:\/\/i0.wp.com\/kazico.net\/wp-content\/uploads\/2024\/11\/cropped-DSC7615-scaled-1.jpg?resize=1437%2C1435&#038;ssl=1\" class=\"wp-image-3620 style-1050-image style-local-894-c55-image\" alt=\"\" srcset=\"https:\/\/i0.wp.com\/kazico.net\/wp-content\/uploads\/2024\/11\/cropped-DSC7615-scaled-1.jpg?w=1437&amp;ssl=1 1437w, https:\/\/i0.wp.com\/kazico.net\/wp-content\/uploads\/2024\/11\/cropped-DSC7615-scaled-1.jpg?resize=300%2C300&amp;ssl=1 300w, https:\/\/i0.wp.com\/kazico.net\/wp-content\/uploads\/2024\/11\/cropped-DSC7615-scaled-1.jpg?resize=1024%2C1024&amp;ssl=1 1024w, https:\/\/i0.wp.com\/kazico.net\/wp-content\/uploads\/2024\/11\/cropped-DSC7615-scaled-1.jpg?resize=150%2C150&amp;ssl=1 150w, https:\/\/i0.wp.com\/kazico.net\/wp-content\/uploads\/2024\/11\/cropped-DSC7615-scaled-1.jpg?resize=768%2C767&amp;ssl=1 768w\" sizes=\"auto, (max-width: 1000px) 100vw, 1000px\" \/>\n                      <div class=\"h-image__frame h-hide-lg h-hide-md h-hide-sm style-1050-frameImage style-local-894-c55-frameImage\"><\/div>\n                    <\/div>\n                  <\/div>\n                <\/div>\n              <\/div>\n            <\/div>\n          <\/div>\n          <div class=\"h-column h-column-container d-flex h-col-lg-auto h-col-md-auto h-col-auto style-1048-outer style-local-894-c53-outer\">\n            <div data-colibri-id=\"894-c53\" class=\"d-flex h-flex-basis h-column__inner h-px-lg-2 h-px-md-2 h-px-2 v-inner-lg-2 v-inner-md-2 v-inner-2 style-1048 style-local-894-c53 position-relative\">\n              <!---->\n              <!---->\n              <div class=\"w-100 h-y-container h-column__content h-column__v-align flex-basis-100 align-self-lg-start align-self-md-start align-self-start\">\n                <!---->\n                <div data-colibri-id=\"894-c56\" class=\"d-block style-1051 style-local-894-c56 position-relative h-element\">\n                  <!---->\n                  <div class=\"h-image__frame-container-outer\">\n                    <div class=\"h-image__frame-container\">\n                      <!---->\n                      <!---->\n                      <img data-recalc-dims=\"1\" loading=\"lazy\" decoding=\"async\" width=\"1196\" height=\"1159\" src=\"https:\/\/i0.wp.com\/kazico.net\/wp-content\/uploads\/2024\/11\/cropped-Credit-Alex-Chantron-scaled-1.jpg?resize=1196%2C1159&#038;ssl=1\" class=\"wp-image-3622 style-1051-image style-local-894-c56-image\" alt=\"\" srcset=\"https:\/\/i0.wp.com\/kazico.net\/wp-content\/uploads\/2024\/11\/cropped-Credit-Alex-Chantron-scaled-1.jpg?w=1196&amp;ssl=1 1196w, https:\/\/i0.wp.com\/kazico.net\/wp-content\/uploads\/2024\/11\/cropped-Credit-Alex-Chantron-scaled-1.jpg?resize=300%2C291&amp;ssl=1 300w, https:\/\/i0.wp.com\/kazico.net\/wp-content\/uploads\/2024\/11\/cropped-Credit-Alex-Chantron-scaled-1.jpg?resize=1024%2C992&amp;ssl=1 1024w, https:\/\/i0.wp.com\/kazico.net\/wp-content\/uploads\/2024\/11\/cropped-Credit-Alex-Chantron-scaled-1.jpg?resize=768%2C744&amp;ssl=1 768w\" sizes=\"auto, (max-width: 1000px) 100vw, 1000px\" \/>\n                      <div class=\"h-image__frame h-hide-lg h-hide-md h-hide-sm style-1051-frameImage style-local-894-c56-frameImage\"><\/div>\n                    <\/div>\n                  <\/div>\n                <\/div>\n              <\/div>\n            <\/div>\n          <\/div>\n        <\/div>\n      <\/div>\n    <\/div>\n  <\/div>\n<\/div>","protected":false},"excerpt":{"rendered":"<p>Compagnie Silence Vacarme Ombres \/\/ Voyage en po\u00e9sie \/\/ Th\u00e9\u00e2tre Depuis 2021, la compagnie Silence Vacarme explore les liens et les articulations possibles entre diff\u00e9rents pans des arts vivants&nbsp;: th\u00e9\u00e2tre, th\u00e9\u00e2tre d\u2019ombres, cr\u00e9ation sonore et musique. Deux spectacles sont actuellement en cours de diffusion au sein de la compagnie : \u00ab\u00a0Tu disais ?\u00a0\u00bb, pi\u00e8ce th\u00e9\u00e2trale [&hellip;]<\/p>\n","protected":false},"author":1,"featured_media":0,"parent":0,"menu_order":0,"comment_status":"closed","ping_status":"closed","template":"page-templates\/full-width-page.php","meta":{"footnotes":""},"class_list":["post-894","page","type-page","status-publish","hentry"],"jetpack-related-posts":[],"jetpack_sharing_enabled":true,"_links":{"self":[{"href":"https:\/\/kazico.net\/index.php\/wp-json\/wp\/v2\/pages\/894","targetHints":{"allow":["GET"]}}],"collection":[{"href":"https:\/\/kazico.net\/index.php\/wp-json\/wp\/v2\/pages"}],"about":[{"href":"https:\/\/kazico.net\/index.php\/wp-json\/wp\/v2\/types\/page"}],"author":[{"embeddable":true,"href":"https:\/\/kazico.net\/index.php\/wp-json\/wp\/v2\/users\/1"}],"replies":[{"embeddable":true,"href":"https:\/\/kazico.net\/index.php\/wp-json\/wp\/v2\/comments?post=894"}],"version-history":[{"count":6,"href":"https:\/\/kazico.net\/index.php\/wp-json\/wp\/v2\/pages\/894\/revisions"}],"predecessor-version":[{"id":3624,"href":"https:\/\/kazico.net\/index.php\/wp-json\/wp\/v2\/pages\/894\/revisions\/3624"}],"wp:attachment":[{"href":"https:\/\/kazico.net\/index.php\/wp-json\/wp\/v2\/media?parent=894"}],"curies":[{"name":"wp","href":"https:\/\/api.w.org\/{rel}","templated":true}]}}